{"id":952,"date":"2022-02-07T17:43:22","date_gmt":"2022-02-07T17:43:22","guid":{"rendered":"https:\/\/www.hisapodgradom.si\/apartmaji\/?page_id=952"},"modified":"2026-02-02T09:29:52","modified_gmt":"2026-02-02T09:29:52","slug":"recepcija","status":"publish","type":"page","link":"https:\/\/www.hisapodgradom.si\/apartmaji\/sl\/recepcija\/","title":{"rendered":"Recepcija"},"content":{"rendered":"\t\t<div data-elementor-type=\"wp-page\" data-elementor-id=\"952\" class=\"elementor elementor-952\" data-elementor-settings=\"{&quot;ha_cmc_init_switcher&quot;:&quot;no&quot;}\" data-elementor-post-type=\"page\">\n\t\t\t\t\t\t<section class=\"elementor-section elementor-top-section elementor-element elementor-element-aafd119 elementor-section-boxed elementor-section-height-default elementor-section-height-default\" data-id=\"aafd119\" data-element_type=\"section\" data-settings=\"{&quot;background_background&quot;:&quot;classic&quot;,&quot;_ha_eqh_enable&quot;:false}\">\n\t\t\t\t\t\t<div class=\"elementor-container elementor-column-gap-default\">\n\t\t\t\t\t<div class=\"elementor-column elementor-col-100 elementor-top-column elementor-element elementor-element-244ba42\" data-id=\"244ba42\" data-element_type=\"column\">\n\t\t\t<div class=\"elementor-widget-wrap elementor-element-populated\">\n\t\t\t\t\t\t<div class=\"elementor-element elementor-element-ec2846c elementor-widget elementor-widget-heading\" data-id=\"ec2846c\" data-element_type=\"widget\" data-widget_type=\"heading.default\">\n\t\t\t\t<div class=\"elementor-widget-container\">\n\t\t\t<h1 class=\"elementor-heading-title elementor-size-default\">Reception<\/h1>\t\t<\/div>\n\t\t\t\t<\/div>\n\t\t\t\t\t<\/div>\n\t\t<\/div>\n\t\t\t\t\t<\/div>\n\t\t<\/section>\n\t\t\t\t<section class=\"elementor-section elementor-top-section elementor-element elementor-element-4e73dce elementor-section-content-middle elementor-section-full_width elementor-section-height-min-height elementor-section-items-stretch elementor-reverse-mobile elementor-section-height-default\" data-id=\"4e73dce\" data-element_type=\"section\" data-settings=\"{&quot;_ha_eqh_enable&quot;:false}\">\n\t\t\t\t\t\t<div class=\"elementor-container elementor-column-gap-no\">\n\t\t\t\t\t<div class=\"elementor-column elementor-col-50 elementor-top-column elementor-element elementor-element-ae1b4ad polovica polovicadesno\" data-id=\"ae1b4ad\" data-element_type=\"column\">\n\t\t\t<div class=\"elementor-widget-wrap elementor-element-populated\">\n\t\t\t\t\t\t<div class=\"elementor-element elementor-element-7bae1f3 elementor-widget elementor-widget-heading\" data-id=\"7bae1f3\" data-element_type=\"widget\" data-widget_type=\"heading.default\">\n\t\t\t\t<div class=\"elementor-widget-container\">\n\t\t\t<h5 class=\"elementor-heading-title elementor-size-default\">Pozdravljeni<\/h5>\t\t<\/div>\n\t\t\t\t<\/div>\n\t\t\t\t<div class=\"elementor-element elementor-element-88e064b elementor-widget elementor-widget-heading\" data-id=\"88e064b\" data-element_type=\"widget\" data-widget_type=\"heading.default\">\n\t\t\t\t<div class=\"elementor-widget-container\">\n\t\t\t<h2 class=\"elementor-heading-title elementor-size-default\">Recepcija<\/h2>\t\t<\/div>\n\t\t\t\t<\/div>\n\t\t\t\t<div class=\"elementor-element elementor-element-fc2bee1 nomar elementor-widget elementor-widget-text-editor\" data-id=\"fc2bee1\" data-element_type=\"widget\" data-widget_type=\"text-editor.default\">\n\t\t\t\t<div class=\"elementor-widget-container\">\n\t\t\t\t\t\t\t<p>Recepcija je odprta vsak dan med<strong>\u00a08. in 12. uro<\/strong>.<\/p><div><strong>Odjava iz apartmaja od 8:00 &#8211; 10:30, prihod v apartma od 15:00 dalje.<\/strong><\/div>\t\t\t\t\t\t<\/div>\n\t\t\t\t<\/div>\n\t\t\t\t\t<\/div>\n\t\t<\/div>\n\t\t\t\t<div class=\"elementor-column elementor-col-50 elementor-top-column elementor-element elementor-element-ffbc051\" data-id=\"ffbc051\" data-element_type=\"column\" data-settings=\"{&quot;background_background&quot;:&quot;classic&quot;}\">\n\t\t\t<div class=\"elementor-widget-wrap elementor-element-populated\">\n\t\t\t\t\t\t<div class=\"elementor-element elementor-element-547b4ca elementor-widget elementor-widget-spacer\" data-id=\"547b4ca\" data-element_type=\"widget\" data-widget_type=\"spacer.default\">\n\t\t\t\t<div class=\"elementor-widget-container\">\n\t\t\t\t\t<div class=\"elementor-spacer\">\n\t\t\t<div class=\"elementor-spacer-inner\"><\/div>\n\t\t<\/div>\n\t\t\t\t<\/div>\n\t\t\t\t<\/div>\n\t\t\t\t\t<\/div>\n\t\t<\/div>\n\t\t\t\t\t<\/div>\n\t\t<\/section>\n\t\t\t\t<section class=\"elementor-section elementor-top-section elementor-element elementor-element-4449396 elementor-section-full_width elementor-section-height-min-height elementor-section-items-stretch elementor-section-height-default\" data-id=\"4449396\" data-element_type=\"section\" data-settings=\"{&quot;background_background&quot;:&quot;classic&quot;}\">\n\t\t\t\t\t\t<div class=\"elementor-container elementor-column-gap-no\">\n\t\t\t\t\t<div class=\"elementor-column elementor-col-50 elementor-top-column elementor-element elementor-element-6e44280\" data-id=\"6e44280\" data-element_type=\"column\" data-settings=\"{&quot;background_background&quot;:&quot;classic&quot;}\">\n\t\t\t<div class=\"elementor-widget-wrap elementor-element-populated\">\n\t\t\t\t\t\t<div class=\"elementor-element elementor-element-2f35080 elementor-widget elementor-widget-spacer\" data-id=\"2f35080\" data-element_type=\"widget\" data-widget_type=\"spacer.default\">\n\t\t\t\t<div class=\"elementor-widget-container\">\n\t\t\t\t\t<div class=\"elementor-spacer\">\n\t\t\t<div class=\"elementor-spacer-inner\"><\/div>\n\t\t<\/div>\n\t\t\t\t<\/div>\n\t\t\t\t<\/div>\n\t\t\t\t\t<\/div>\n\t\t<\/div>\n\t\t\t\t<div class=\"elementor-column elementor-col-50 elementor-top-column elementor-element elementor-element-fd59a37 polovica\" data-id=\"fd59a37\" data-element_type=\"column\">\n\t\t\t<div class=\"elementor-widget-wrap elementor-element-populated\">\n\t\t\t\t\t\t<div class=\"elementor-element elementor-element-6559476 elementor-widget elementor-widget-heading\" data-id=\"6559476\" data-element_type=\"widget\" data-widget_type=\"heading.default\">\n\t\t\t\t<div class=\"elementor-widget-container\">\n\t\t\t<h5 class=\"elementor-heading-title elementor-size-default\">Zasebno parkirno mesto<\/h5>\t\t<\/div>\n\t\t\t\t<\/div>\n\t\t\t\t<div class=\"elementor-element elementor-element-625c25f elementor-widget elementor-widget-heading\" data-id=\"625c25f\" data-element_type=\"widget\" data-widget_type=\"heading.default\">\n\t\t\t\t<div class=\"elementor-widget-container\">\n\t\t\t<h2 class=\"elementor-heading-title elementor-size-default\">Parkiri\u0161\u010de<\/h2>\t\t<\/div>\n\t\t\t\t<\/div>\n\t\t\t\t<div class=\"elementor-element elementor-element-b1f92d6 nomar elementor-widget elementor-widget-text-editor\" data-id=\"b1f92d6\" data-element_type=\"widget\" data-widget_type=\"text-editor.default\">\n\t\t\t\t<div class=\"elementor-widget-container\">\n\t\t\t\t\t\t\t<p>Po predhodni rezervaciji na\u0161im gostom uredimo <strong>zasebno parkirno mesto.\u00a0<\/strong>Cena parkirnega mesta je <strong>20\u00a0\u20ac na no\u010d<\/strong>.<\/p><p>Parkiranje je mo\u017eno tudi na javnih parkirnih mestih na ulici. Cena parkiranja je<strong> 1,70 \u20ac\/h<\/strong> od 6:00 do 22:00 in nato 2 \u20ac \u010dez no\u010d.<\/p>\t\t\t\t\t\t<\/div>\n\t\t\t\t<\/div>\n\t\t\t\t\t<\/div>\n\t\t<\/div>\n\t\t\t\t\t<\/div>\n\t\t<\/section>\n\t\t\t\t<section class=\"elementor-section elementor-top-section elementor-element elementor-element-92a2d04 elementor-section-content-middle elementor-section-full_width elementor-section-height-min-height elementor-section-items-stretch elementor-reverse-mobile elementor-section-height-default\" data-id=\"92a2d04\" data-element_type=\"section\" data-settings=\"{&quot;_ha_eqh_enable&quot;:false}\">\n\t\t\t\t\t\t<div class=\"elementor-container elementor-column-gap-no\">\n\t\t\t\t\t<div class=\"elementor-column elementor-col-50 elementor-top-column elementor-element elementor-element-1f23fdb polovica polovicadesno\" data-id=\"1f23fdb\" data-element_type=\"column\">\n\t\t\t<div class=\"elementor-widget-wrap elementor-element-populated\">\n\t\t\t\t\t\t<div class=\"elementor-element elementor-element-f96188e elementor-widget elementor-widget-heading\" data-id=\"f96188e\" data-element_type=\"widget\" data-widget_type=\"heading.default\">\n\t\t\t\t<div class=\"elementor-widget-container\">\n\t\t\t<h5 class=\"elementor-heading-title elementor-size-default\">Restavracija<\/h5>\t\t<\/div>\n\t\t\t\t<\/div>\n\t\t\t\t<div class=\"elementor-element elementor-element-f9cf5ab elementor-widget elementor-widget-heading\" data-id=\"f9cf5ab\" data-element_type=\"widget\" data-widget_type=\"heading.default\">\n\t\t\t\t<div class=\"elementor-widget-container\">\n\t\t\t<h1 class=\"elementor-heading-title elementor-size-default\">Hrana in pija\u010da<\/h1>\t\t<\/div>\n\t\t\t\t<\/div>\n\t\t\t\t<div class=\"elementor-element elementor-element-bf33f8b nomar elementor-widget elementor-widget-text-editor\" data-id=\"bf33f8b\" data-element_type=\"widget\" data-widget_type=\"text-editor.default\">\n\t\t\t\t<div class=\"elementor-widget-container\">\n\t\t\t\t\t\t\t<p><b>Zajtrk<\/b><\/p><p>Za na\u0161e goste je po dogovoru na voljo tudi samopostre\u017eni zajtrk v na\u0161i gostilnici Hi\u0161a Pod Gradom, vsak dan\u00a0<strong>od 8:00 do 10:30.<\/strong> Cena zajtrka zna\u0161a <strong>9,90 \u20ac na osebo<\/strong><strong>.<\/strong><\/p><p><strong>Kosilo in ve\u010derja<\/strong><\/p><p>Vabljeni v na\u0161o restavracijo v pritli\u010dju hi\u0161e, kjer boste na\u0161li \u0161irok nabor jedi.<\/p>\t\t\t\t\t\t<\/div>\n\t\t\t\t<\/div>\n\t\t\t\t\t<\/div>\n\t\t<\/div>\n\t\t\t\t<div class=\"elementor-column elementor-col-50 elementor-top-column elementor-element elementor-element-b8a6715\" data-id=\"b8a6715\" data-element_type=\"column\" data-settings=\"{&quot;background_background&quot;:&quot;classic&quot;}\">\n\t\t\t<div class=\"elementor-widget-wrap elementor-element-populated\">\n\t\t\t\t\t\t<div class=\"elementor-element elementor-element-e3ebca1 elementor-widget elementor-widget-spacer\" data-id=\"e3ebca1\" data-element_type=\"widget\" data-widget_type=\"spacer.default\">\n\t\t\t\t<div class=\"elementor-widget-container\">\n\t\t\t\t\t<div class=\"elementor-spacer\">\n\t\t\t<div class=\"elementor-spacer-inner\"><\/div>\n\t\t<\/div>\n\t\t\t\t<\/div>\n\t\t\t\t<\/div>\n\t\t\t\t\t<\/div>\n\t\t<\/div>\n\t\t\t\t\t<\/div>\n\t\t<\/section>\n\t\t\t\t<section class=\"elementor-section elementor-top-section elementor-element elementor-element-108f2a3 elementor-section-boxed elementor-section-height-default elementor-section-height-default\" data-id=\"108f2a3\" data-element_type=\"section\" data-settings=\"{&quot;background_background&quot;:&quot;classic&quot;,&quot;_ha_eqh_enable&quot;:false}\">\n\t\t\t\t\t\t<div class=\"elementor-container elementor-column-gap-default\">\n\t\t\t\t\t<div class=\"elementor-column elementor-col-100 elementor-top-column elementor-element elementor-element-bd8ea41\" data-id=\"bd8ea41\" data-element_type=\"column\">\n\t\t\t<div class=\"elementor-widget-wrap elementor-element-populated\">\n\t\t\t\t\t\t<div class=\"elementor-element elementor-element-625341a elementor-widget elementor-widget-heading\" data-id=\"625341a\" data-element_type=\"widget\" data-widget_type=\"heading.default\">\n\t\t\t\t<div class=\"elementor-widget-container\">\n\t\t\t<h5 class=\"elementor-heading-title elementor-size-default\">Javni prevoz<\/h5>\t\t<\/div>\n\t\t\t\t<\/div>\n\t\t\t\t<div class=\"elementor-element elementor-element-423f654 elementor-widget elementor-widget-heading\" data-id=\"423f654\" data-element_type=\"widget\" data-widget_type=\"heading.default\">\n\t\t\t\t<div class=\"elementor-widget-container\">\n\t\t\t<h2 class=\"elementor-heading-title elementor-size-default\">Kako po Ljubljani<\/h2>\t\t<\/div>\n\t\t\t\t<\/div>\n\t\t\t\t<div class=\"elementor-element elementor-element-56431bd nomar elementor-widget elementor-widget-text-editor\" data-id=\"56431bd\" data-element_type=\"widget\" data-widget_type=\"text-editor.default\">\n\t\t\t\t<div class=\"elementor-widget-container\">\n\t\t\t\t\t\t\t<p>Vse informacije o mestnih avtobusih, izposoji koles in skirojev, elektri\u010dnih vozilih Kavalir itd. najdete na\u00a0<a href=\"https:\/\/www.visitljubljana.com\/sl\/obiskovalci\/informacije\/promet-in-transport\/\" target=\"_blank\" rel=\"noopener\">Visitljubljana.com<\/a>!<\/p>\t\t\t\t\t\t<\/div>\n\t\t\t\t<\/div>\n\t\t\t\t\t<\/div>\n\t\t<\/div>\n\t\t\t\t\t<\/div>\n\t\t<\/section>\n\t\t\t\t<\/div>\n\t\t","protected":false},"excerpt":{"rendered":"<p>Reception Pozdravljeni Recepcija Recepcija je odprta vsak dan med\u00a08. in 12. uro. Odjava iz apartmaja od 8:00 &#8211; 10:30, prihod v apartma od 15:00 dalje. Zasebno parkirno mesto Parkiri\u0161\u010de Po predhodni rezervaciji na\u0161im gostom uredimo zasebno parkirno mesto.\u00a0Cena parkirnega mesta je 20\u00a0\u20ac na no\u010d. Parkiranje je mo\u017eno tudi na javnih parkirnih mestih na ulici. Cena &#8230; <a title=\"Recepcija\" class=\"read-more\" href=\"https:\/\/www.hisapodgradom.si\/apartmaji\/sl\/recepcija\/\">Read more<\/a><\/p>\n","protected":false},"author":2,"featured_media":0,"parent":0,"menu_order":0,"comment_status":"closed","ping_status":"closed","template":"elementor_header_footer","meta":{"_acf_changed":false,"footnotes":""},"class_list":{"0":"post-952","1":"page","2":"type-page","3":"status-publish","5":"no-featured-image-padding"},"acf":[],"yoast_head":"<!-- This site is optimized with the Yoast SEO plugin v25.4 - https:\/\/yoast.com\/wordpress\/plugins\/seo\/ -->\n<title>Recepcija - Hi\u0161a Pod Gradom<\/title>\n<meta name=\"robots\" content=\"index, follow, max-snippet:-1, max-image-preview:large, max-video-preview:-1\" \/>\n<link rel=\"canonical\" href=\"https:\/\/www.hisapodgradom.si\/apartmaji\/sl\/recepcija\/\" \/>\n<meta property=\"og:locale\" content=\"sl_SI\" \/>\n<meta property=\"og:type\" content=\"article\" \/>\n<meta property=\"og:title\" content=\"Recepcija - Hi\u0161a Pod Gradom\" \/>\n<meta property=\"og:description\" content=\"Reception Pozdravljeni Recepcija Recepcija je odprta vsak dan med\u00a08. in 12. uro. Odjava iz apartmaja od 8:00 &#8211; 10:30, prihod v apartma od 15:00 dalje. Zasebno parkirno mesto Parkiri\u0161\u010de Po predhodni rezervaciji na\u0161im gostom uredimo zasebno parkirno mesto.\u00a0Cena parkirnega mesta je 20\u00a0\u20ac na no\u010d. Parkiranje je mo\u017eno tudi na javnih parkirnih mestih na ulici. Cena ... Read more\" \/>\n<meta property=\"og:url\" content=\"https:\/\/www.hisapodgradom.si\/apartmaji\/sl\/recepcija\/\" \/>\n<meta property=\"og:site_name\" content=\"Hi\u0161a Pod Gradom\" \/>\n<meta property=\"article:modified_time\" content=\"2026-02-02T09:29:52+00:00\" \/>\n<meta name=\"twitter:card\" content=\"summary_large_image\" \/>\n<meta name=\"twitter:label1\" content=\"Est. reading time\" \/>\n\t<meta name=\"twitter:data1\" content=\"1 minuta\" \/>\n<script type=\"application\/ld+json\" class=\"yoast-schema-graph\">{\"@context\":\"https:\/\/schema.org\",\"@graph\":[{\"@type\":\"WebPage\",\"@id\":\"https:\/\/www.hisapodgradom.si\/apartmaji\/sl\/recepcija\/\",\"url\":\"https:\/\/www.hisapodgradom.si\/apartmaji\/sl\/recepcija\/\",\"name\":\"Recepcija - Hi\u0161a Pod Gradom\",\"isPartOf\":{\"@id\":\"https:\/\/www.hisapodgradom.si\/apartmaji\/#website\"},\"datePublished\":\"2022-02-07T17:43:22+00:00\",\"dateModified\":\"2026-02-02T09:29:52+00:00\",\"breadcrumb\":{\"@id\":\"https:\/\/www.hisapodgradom.si\/apartmaji\/sl\/recepcija\/#breadcrumb\"},\"inLanguage\":\"sl-SI\",\"potentialAction\":[{\"@type\":\"ReadAction\",\"target\":[\"https:\/\/www.hisapodgradom.si\/apartmaji\/sl\/recepcija\/\"]}]},{\"@type\":\"BreadcrumbList\",\"@id\":\"https:\/\/www.hisapodgradom.si\/apartmaji\/sl\/recepcija\/#breadcrumb\",\"itemListElement\":[{\"@type\":\"ListItem\",\"position\":1,\"name\":\"Home\",\"item\":\"https:\/\/www.hisapodgradom.si\/apartmaji\/\"},{\"@type\":\"ListItem\",\"position\":2,\"name\":\"Recepcija\"}]},{\"@type\":\"WebSite\",\"@id\":\"https:\/\/www.hisapodgradom.si\/apartmaji\/#website\",\"url\":\"https:\/\/www.hisapodgradom.si\/apartmaji\/\",\"name\":\"Hi\u0161a Pod Gradom\",\"description\":\"\",\"potentialAction\":[{\"@type\":\"SearchAction\",\"target\":{\"@type\":\"EntryPoint\",\"urlTemplate\":\"https:\/\/www.hisapodgradom.si\/apartmaji\/?s={search_term_string}\"},\"query-input\":{\"@type\":\"PropertyValueSpecification\",\"valueRequired\":true,\"valueName\":\"search_term_string\"}}],\"inLanguage\":\"sl-SI\"}]}<\/script>\n<!-- \/ Yoast SEO plugin. -->","yoast_head_json":{"title":"Recepcija - Hi\u0161a Pod Gradom","robots":{"index":"index","follow":"follow","max-snippet":"max-snippet:-1","max-image-preview":"max-image-preview:large","max-video-preview":"max-video-preview:-1"},"canonical":"https:\/\/www.hisapodgradom.si\/apartmaji\/sl\/recepcija\/","og_locale":"sl_SI","og_type":"article","og_title":"Recepcija - Hi\u0161a Pod Gradom","og_description":"Reception Pozdravljeni Recepcija Recepcija je odprta vsak dan med\u00a08. in 12. uro. Odjava iz apartmaja od 8:00 &#8211; 10:30, prihod v apartma od 15:00 dalje. Zasebno parkirno mesto Parkiri\u0161\u010de Po predhodni rezervaciji na\u0161im gostom uredimo zasebno parkirno mesto.\u00a0Cena parkirnega mesta je 20\u00a0\u20ac na no\u010d. Parkiranje je mo\u017eno tudi na javnih parkirnih mestih na ulici. Cena ... Read more","og_url":"https:\/\/www.hisapodgradom.si\/apartmaji\/sl\/recepcija\/","og_site_name":"Hi\u0161a Pod Gradom","article_modified_time":"2026-02-02T09:29:52+00:00","twitter_card":"summary_large_image","twitter_misc":{"Est. reading time":"1 minuta"},"schema":{"@context":"https:\/\/schema.org","@graph":[{"@type":"WebPage","@id":"https:\/\/www.hisapodgradom.si\/apartmaji\/sl\/recepcija\/","url":"https:\/\/www.hisapodgradom.si\/apartmaji\/sl\/recepcija\/","name":"Recepcija - Hi\u0161a Pod Gradom","isPartOf":{"@id":"https:\/\/www.hisapodgradom.si\/apartmaji\/#website"},"datePublished":"2022-02-07T17:43:22+00:00","dateModified":"2026-02-02T09:29:52+00:00","breadcrumb":{"@id":"https:\/\/www.hisapodgradom.si\/apartmaji\/sl\/recepcija\/#breadcrumb"},"inLanguage":"sl-SI","potentialAction":[{"@type":"ReadAction","target":["https:\/\/www.hisapodgradom.si\/apartmaji\/sl\/recepcija\/"]}]},{"@type":"BreadcrumbList","@id":"https:\/\/www.hisapodgradom.si\/apartmaji\/sl\/recepcija\/#breadcrumb","itemListElement":[{"@type":"ListItem","position":1,"name":"Home","item":"https:\/\/www.hisapodgradom.si\/apartmaji\/"},{"@type":"ListItem","position":2,"name":"Recepcija"}]},{"@type":"WebSite","@id":"https:\/\/www.hisapodgradom.si\/apartmaji\/#website","url":"https:\/\/www.hisapodgradom.si\/apartmaji\/","name":"Hi\u0161a Pod Gradom","description":"","potentialAction":[{"@type":"SearchAction","target":{"@type":"EntryPoint","urlTemplate":"https:\/\/www.hisapodgradom.si\/apartmaji\/?s={search_term_string}"},"query-input":{"@type":"PropertyValueSpecification","valueRequired":true,"valueName":"search_term_string"}}],"inLanguage":"sl-SI"}]}},"_links":{"self":[{"href":"https:\/\/www.hisapodgradom.si\/apartmaji\/wp-json\/wp\/v2\/pages\/952","targetHints":{"allow":["GET"]}}],"collection":[{"href":"https:\/\/www.hisapodgradom.si\/apartmaji\/wp-json\/wp\/v2\/pages"}],"about":[{"href":"https:\/\/www.hisapodgradom.si\/apartmaji\/wp-json\/wp\/v2\/types\/page"}],"author":[{"embeddable":true,"href":"https:\/\/www.hisapodgradom.si\/apartmaji\/wp-json\/wp\/v2\/users\/2"}],"replies":[{"embeddable":true,"href":"https:\/\/www.hisapodgradom.si\/apartmaji\/wp-json\/wp\/v2\/comments?post=952"}],"version-history":[{"count":28,"href":"https:\/\/www.hisapodgradom.si\/apartmaji\/wp-json\/wp\/v2\/pages\/952\/revisions"}],"predecessor-version":[{"id":1757,"href":"https:\/\/www.hisapodgradom.si\/apartmaji\/wp-json\/wp\/v2\/pages\/952\/revisions\/1757"}],"wp:attachment":[{"href":"https:\/\/www.hisapodgradom.si\/apartmaji\/wp-json\/wp\/v2\/media?parent=952"}],"curies":[{"name":"wp","href":"https:\/\/api.w.org\/{rel}","templated":true}]}}